{"id":4225,"date":"2020-06-16T14:24:17","date_gmt":"2020-06-16T12:24:17","guid":{"rendered":"https:\/\/food.professionelleappentwicklung.de\/my-account\/"},"modified":"2020-06-16T14:24:17","modified_gmt":"2020-06-16T12:24:17","slug":"my-account","status":"publish","type":"page","link":"https:\/\/food.professionelleappentwicklung.de\/?page_id=4225","title":{"rendered":"Mon compte"},"content":{"rendered":"<div class=\"woocommerce\"><div class=\"woocommerce-notices-wrapper\"><\/div>\n\n<div class=\"u-columns col2-set\" id=\"customer_login\">\n\n\t<div class=\"u-column1 col-1\">\n\n\n\t\t<h2>Login<\/h2>\n\n\t\t<form class=\"woocommerce-form woocommerce-form-login login\" method=\"post\">\n\n\t\t\t\n\t\t\t<p class=\"woocommerce-form-row woocommerce-form-row--wide form-row form-row-wide\">\n\t\t\t\t<label for=\"username\">Username or email address&nbsp;<span class=\"required\">*<\/span><\/label>\n\t\t\t\t<input type=\"text\" class=\"woocommerce-Input woocommerce-Input--text input-text\" name=\"username\" id=\"username\" autocomplete=\"username\" value=\"\" \/>\t\t\t<\/p>\n\t\t\t<p class=\"woocommerce-form-row woocommerce-form-row--wide form-row form-row-wide\">\n\t\t\t\t<label for=\"password\">Password&nbsp;<span class=\"required\">*<\/span><\/label>\n\t\t\t\t<input class=\"woocommerce-Input woocommerce-Input--text input-text\" type=\"password\" name=\"password\" id=\"password\" autocomplete=\"current-password\" \/>\n\t\t\t<\/p>\n\n\t\t\t\n\t\t\t<p class=\"form-row\">\n\t\t\t\t<label class=\"woocommerce-form__label woocommerce-form__label-for-checkbox woocommerce-form-login__rememberme\">\n\t\t\t\t\t<input class=\"woocommerce-form__input woocommerce-form__input-checkbox\" name=\"rememberme\" type=\"checkbox\" id=\"rememberme\" value=\"forever\" \/> <span>Remember me<\/span>\n\t\t\t\t<\/label>\n\t\t\t\t<input type=\"hidden\" id=\"woocommerce-login-nonce\" name=\"woocommerce-login-nonce\" value=\"1c5c357e51\" \/><input type=\"hidden\" name=\"_wp_http_referer\" value=\"\/index.php?rest_route=%2Fwp%2Fv2%2Fpages%2F4225\" \/>\t\t\t\t<button type=\"submit\" class=\"woocommerce-button button woocommerce-form-login__submit\" name=\"login\" value=\"Log in\">Log in<\/button>\n\t\t\t<\/p>\n\t\t\t<p class=\"woocommerce-LostPassword lost_password\">\n\t\t\t\t<a href=\"https:\/\/food.professionelleappentwicklung.de\/?page_id=4225&#038;lost-password\">Lost your password?<\/a>\n\t\t\t<\/p>\n\n\t\t\t\n\t\t<\/form>\n\n\n\t<\/div>\n\n\t<div class=\"u-column2 col-2\">\n\n\t\t<h2>Register<\/h2>\n\n\t\t<form method=\"post\" class=\"woocommerce-form woocommerce-form-register register\"  >\n\n\t\t\t\n\t\t\t\n\t\t\t<p class=\"woocommerce-form-row woocommerce-form-row--wide form-row form-row-wide\">\n\t\t\t\t<label for=\"reg_email\">Email address&nbsp;<span class=\"required\">*<\/span><\/label>\n\t\t\t\t<input type=\"email\" class=\"woocommerce-Input woocommerce-Input--text input-text\" name=\"email\" id=\"reg_email\" autocomplete=\"email\" value=\"\" \/>\t\t\t<\/p>\n\n\t\t\t\n\t\t\t\t<p>A link to set a new password will be sent to your email address.<\/p>\n\n\t\t\t\n\t\t\t<input type=\"hidden\" name=\"wc_order_attribution_type\" value=\"\" \/><input type=\"hidden\" name=\"wc_order_attribution_url\" value=\"\" \/><input type=\"hidden\" name=\"wc_order_attribution_utm_campaign\" value=\"\" \/><input type=\"hidden\" name=\"wc_order_attribution_utm_source\" value=\"\" \/><input type=\"hidden\" name=\"wc_order_attribution_utm_medium\" value=\"\" \/><input type=\"hidden\" name=\"wc_order_attribution_utm_content\" value=\"\" \/><input type=\"hidden\" name=\"wc_order_attribution_utm_id\" value=\"\" \/><input type=\"hidden\" name=\"wc_order_attribution_utm_term\" value=\"\" \/><input type=\"hidden\" name=\"wc_order_attribution_session_entry\" value=\"\" \/><input type=\"hidden\" name=\"wc_order_attribution_session_start_time\" value=\"\" \/><input type=\"hidden\" name=\"wc_order_attribution_session_pages\" value=\"\" \/><input type=\"hidden\" name=\"wc_order_attribution_session_count\" value=\"\" \/><input type=\"hidden\" name=\"wc_order_attribution_user_agent\" value=\"\" \/><div class=\"woocommerce-privacy-policy-text\"><p>Vos donn\u00e9es personnelles seront utilis\u00e9es pour soutenir votre exp\u00e9rience sur ce site Web, pour g\u00e9rer l'acc\u00e8s \u00e0 votre compte et \u00e0 d'autres fins d\u00e9crites dans notre <a href=\"https:\/\/food.professionelleappentwicklung.de\/?page_id=3\" class=\"woocommerce-privacy-policy-link\" target=\"_blank\">privacy policy<\/a>.<\/p>\n<\/div>\n\t\t\t<p class=\"woocommerce-form-row form-row\">\n\t\t\t\t<input type=\"hidden\" id=\"woocommerce-register-nonce\" name=\"woocommerce-register-nonce\" value=\"c9305d1775\" \/><input type=\"hidden\" name=\"_wp_http_referer\" value=\"\/index.php?rest_route=%2Fwp%2Fv2%2Fpages%2F4225\" \/>\t\t\t\t<button type=\"submit\" class=\"woocommerce-Button woocommerce-button button woocommerce-form-register__submit\" name=\"register\" value=\"Register\">Register<\/button>\n\t\t\t<\/p>\n\n\t\t\t\n\t\t<\/form>\n\n\t<\/div>\n\n<\/div>\n\n<\/div>\n\n[vc_row full_width=&#8221;stretch_row&#8221; content_placement=&#8221;middle&#8221; css=&#8221;.vc_custom_1593798035240{margin-bottom: 0px !important;padding-top: 40px !important;padding-bottom: 40px !important;background-color: #efefef !important;background-position: center !important;background-repeat: no-repeat !important;background-size: contain !important;}&#8221;][vc_column width=&#8221;1\/2&#8243; css=&#8221;.vc_custom_1560841359049{padding-top: 10px !important;}&#8221;][vc_column_text css=&#8221;.vc_custom_1600187204956{margin-bottom: 0px !important;}&#8221;]\n<h3>Vous aimez les burger?<\/h3>\n[\/vc_column_text][\/vc_column][vc_column width=&#8221;1\/2&#8243;]\t\t<div class=\"lafka-typed-shortcode\">\n\t\t<div class=\"lafka-typed-content lafka-typed-h4 lafka-typed-left\"  >\n\t\t\tContactez-nous maintenant,\t\t\t<span id=\"lafka_typed6a04db02c9147\" class=\"lafka-typed\"  ><\/span>\n\t\t\t\t\t<\/div>\n\n\t\t<\/div>\n\t\t\t\t\t<script>\n\t\t\t\t\/\/<![CDATA[\n\t\t\t\t(function ($) {\n\t\t\t\t\t\"use strict\";\n\t\t\t\t\t$(document).ready(function () {\n\t\t\t\t\t\t$(\"#lafka_typed6a04db02c9147\").typed({\n\t\t\t\t\t\t\tstrings: [\"Ne perdez plus de temps\",\" saisissez votre commande\",],\n\t\t\t\t\t\t\ttypeSpeed: 60,\n\t\t\t\t\t\t\t\/\/ time before typing starts\n\t\t\t\t\t\t\tstartDelay: 1000,\n\t\t\t\t\t\t\t\/\/ backspacing speed\n\t\t\t\t\t\t\tbackSpeed: 20,\n\t\t\t\t\t\t\t\/\/ delay before deleting last string\n\t\t\t\t\t\t\tbackDelay: 1800,\n\t\t\t\t\t\t\t\/\/ MUST BE OPTIONAL TRUE\/FALSE\n\t\t\t\t\t\t\tloop: true,\n\t\t\t\t\t\t\tshowCursor: true\n\t\t\t\t\t\t});\n\t\t\t\t\t})\n\t\t\t\t})(window.jQuery);\n\t\t\t\t\/\/]]>\n\t\t\t<\/script>\n\t\t\t\t[\/vc_column][\/vc_row]","protected":false},"excerpt":{"rendered":"<p>[vc_row full_width=&#8221;stretch_row&#8221; content_placement=&#8221;middle&#8221; css=&#8221;.vc_custom_1593798035240{margin-bottom: 0px !important;padding-top: 40px !important;padding-bottom: 40px !important;background-color: #efefef !important;background-position: center !important;background-repeat: no-repeat !important;background-size: contain !important;}&#8221;][vc_column width=&#8221;1\/2&#8243; css=&#8221;.vc_custom_1560841359049{padding-top: 10px !important;}&#8221;][vc_column_text css=&#8221;.vc_custom_1600187204956{margin-bottom: 0px !important;}&#8221;] Vous aimez les burger? [\/vc_column_text][\/vc_column][vc_column width=&#8221;1\/2&#8243;][\/vc_column][\/vc_row]<\/p>\n","protected":false},"author":1,"featured_media":0,"parent":0,"menu_order":0,"comment_status":"closed","ping_status":"closed","template":"","meta":{"om_disable_all_campaigns":false,"_monsterinsights_skip_tracking":false,"_monsterinsights_sitenote_active":false,"_monsterinsights_sitenote_note":"","_monsterinsights_sitenote_category":0,"footnotes":""},"_links":{"self":[{"href":"https:\/\/food.professionelleappentwicklung.de\/index.php?rest_route=\/wp\/v2\/pages\/4225"}],"collection":[{"href":"https:\/\/food.professionelleappentwicklung.de\/index.php?rest_route=\/wp\/v2\/pages"}],"about":[{"href":"https:\/\/food.professionelleappentwicklung.de\/index.php?rest_route=\/wp\/v2\/types\/page"}],"author":[{"embeddable":true,"href":"https:\/\/food.professionelleappentwicklung.de\/index.php?rest_route=\/wp\/v2\/users\/1"}],"replies":[{"embeddable":true,"href":"https:\/\/food.professionelleappentwicklung.de\/index.php?rest_route=%2Fwp%2Fv2%2Fcomments&post=4225"}],"version-history":[{"count":0,"href":"https:\/\/food.professionelleappentwicklung.de\/index.php?rest_route=\/wp\/v2\/pages\/4225\/revisions"}],"wp:attachment":[{"href":"https:\/\/food.professionelleappentwicklung.de\/index.php?rest_route=%2Fwp%2Fv2%2Fmedia&parent=4225"}],"curies":[{"name":"wp","href":"https:\/\/api.w.org\/{rel}","templated":true}]}}