{"id":3,"date":"2019-03-28T10:00:59","date_gmt":"2019-03-28T08:00:59","guid":{"rendered":"https:\/\/food.professionelleappentwicklung.de\/?page_id=3"},"modified":"2021-03-06T21:13:45","modified_gmt":"2021-03-06T21:13:45","slug":"privacy-policy","status":"publish","type":"page","link":"https:\/\/food.professionelleappentwicklung.de\/?page_id=3","title":{"rendered":"Politique de confidentialit\u00e9"},"content":{"rendered":"<p>[vc_row css=&#8221;.vc_custom_1594715710462{padding-top: 100px !important;padding-bottom: 100px !important;}&#8221;][vc_column][vc_column_text]<\/p>\n<h2>MENTIONS LEGALES<\/h2>\n<p class=\"font_8\"><span class=\"color_18\">Le respect de la vie priv\u00e9e : <a href=\"https:\/\/webin.al\">Informatique<\/a> et Libert\u00e9s<\/span><\/p>\n<p class=\"font_8\"><span class=\"color_18\">O Malo\u00a0tient \u00e0 vous rappeler son engagement \u00e0 respecter scrupuleusement la confiance que vous lui accordez et \u00e0 appliquer les obligations de la loi 78-17 du 6 janvier 1978 relative \u00e0 l\u2019informatique, aux fichiers et aux libert\u00e9s. Conform\u00e9ment \u00e0 la loi <a href=\"https:\/\/webin.al\">Informatique<\/a> et Libert\u00e9s, vous disposez d\u2019un droit d\u2019acc\u00e8s, de rectification et d\u2019opposition aux donn\u00e9es vous concernant.<\/span><\/p>\n<p class=\"font_8\"><span class=\"color_18\">Responsabilit\u00e9<\/span><\/p>\n<p class=\"font_8\"><span class=\"color_18\">Nous nous effor\u00e7ons d\u2019assurer au mieux de nos possibilit\u00e9s l\u2019exactitude et la mise \u00e0 jour des informations <a href=\"https:\/\/webin.al\">diffus\u00e9es<\/a> sur ce site, dont nous nous r\u00e9servons le droit de corriger, \u00e0 tout moment et sans pr\u00e9avis, le contenu. Toutefois, nous ne pouvons garantir l\u2019exactitude, la pr\u00e9cision ou l\u2019exhaustivit\u00e9 des informations mises \u00e0 la disposition sur ce site. En cons\u00e9quence, nous d\u00e9clinons toute responsabilit\u00e9 :<\/span><\/p>\n<p class=\"font_8\"><span class=\"color_18\">\u2013 pour toute impr\u00e9cision, inexactitude ou omission portant sur des informations disponibles sur le site;<br \/>\n\u2013 pour tous dommages r\u00e9sultant d\u2019une intrusion frauduleuse d\u2019un tiers ayant entra\u00een\u00e9 une modification des informations mises \u00e0 la disposition sur le site;<br \/>\n\u2013 et plus g\u00e9n\u00e9ralement pour tous dommages, directs ou indirects, quelles qu\u2019en soient les causes, origines, natures ou cons\u00e9quences, provoqu\u00e9s en raison de l\u2019acc\u00e8s de quiconque au site, et\/ou de l\u2019impossibilit\u00e9 d\u2019y acc\u00e9der.<\/span><\/p>\n<p class=\"font_8\"><span class=\"color_18\">En particulier, O Malo n\u2019assume aucune responsabilit\u00e9 pour les dommages qui pourraient \u00eatre caus\u00e9s \u00e0 votre mat\u00e9riel <a href=\"https:\/\/webin.al\">informatique<\/a> suite \u00e0 votre acc\u00e8s au pr\u00e9sent site, utilisation ou t\u00e9l\u00e9chargement d\u2019un quelconque des ses \u00e9l\u00e9ments (donn\u00e9es, textes, images, vid\u00e9os ou sons\u2026).<\/span><\/p>\n<p class=\"font_8\"><span class=\"color_18\">Liens hypertexte<\/span><\/p>\n<p class=\"font_8\"><span class=\"color_18\">Des liens hypertextes peuvent renvoyer vers d\u2019autres sites que le pr\u00e9sent site. O Malo n\u2019exerce aucun contr\u00f4le sur les contenus desdits sites et d\u00e9gage toute responsabilit\u00e9 dans le cas o\u00f9 le contenu desdits sites contreviendrait aux dispositions l\u00e9gales et r\u00e9glementaires en vigueur.<\/span><\/p>\n<p class=\"font_8\"><span class=\"color_18\">Propri\u00e9t\u00e9 intellectuelle<\/span><\/p>\n<p class=\"font_8\"><span class=\"color_18\">En accord avec les lois r\u00e9gissant la propri\u00e9t\u00e9 des droits litt\u00e9raires et artistiques ou autres <a href=\"https:\/\/webin.al\">droits<\/a> similaires, tous les \u00e9l\u00e9ments, marques, d\u00e9nominations, photographies, dessins, mod\u00e8les, logos, graphiques, codes couleurs, etc. se trouvant dans le pr\u00e9sent site sont la propri\u00e9t\u00e9 exclusive des entit\u00e9s concern\u00e9es de O Malo ou de ses partenaires ou fournisseurs, celle-ci ou ceux-ci ne conc\u00e9dant aucune licence, ni aucun autre droit que celui de consulter le site. La reproduction ou l\u2019utilisation de tout ou partie de ces \u00e9l\u00e9ments est seulement autoris\u00e9e aux fins exclusives d\u2019information pour un usage personnel et priv\u00e9, toute reproduction et toute utilisation de copies r\u00e9alis\u00e9es \u00e0 d\u2019autres fins \u00e9tant express\u00e9ment interdites, sauf concernant l\u2019Espace Presse o\u00f9 nous mettons \u00e0 disposition de la presse. Toute autre utilisation est constitutive de contrefa\u00e7on et sanctionn\u00e9e au titre de la Propri\u00e9t\u00e9 Intellectuelle, sauf autorisation pr\u00e9alable et \u00e9crite de O Malo.<\/span><\/p>\n<p class=\"font_8\"><span class=\"color_18\">L<\/span><span class=\"color_18\">oi applicable \u2013 <a href=\"https:\/\/webin.al\">Juridiction<\/a><\/span><\/p>\n<p class=\"font_8\"><span class=\"color_18\">Le pr\u00e9sent site et ses conditions d\u2019acc\u00e8s et d\u2019utilisation sont r\u00e9gis par la Loi fran\u00e7aise. Tout diff\u00e9rend relatif au pr\u00e9sent site sera soumis \u00e0 la comp\u00e9tence exclusive des Tribunaux d\u2019Epinal.<\/span><\/p>\n<p class=\"font_8\"><span class=\"color_18\">Editeur du site, responsable de la publication, <a href=\"https:\/\/webin.al\">conception<\/a> et graphismes<\/span><\/p>\n<p>[\/vc_column_text][\/vc_column][\/vc_row]<\/p>\n","protected":false},"excerpt":{"rendered":"<p>[vc_row css=&#8221;.vc_custom_1594715710462{padding-top: 100px !important;padding-bottom: 100px !important;}&#8221;][vc_column][vc_column_text] MENTIONS LEGALES Le respect de la vie priv\u00e9e : Informatique et Libert\u00e9s O Malo\u00a0tient \u00e0 vous rappeler son engagement \u00e0 respecter scrupuleusement la confiance que vous lui accordez et \u00e0 appliquer les obligations de la loi 78-17 du 6 janvier 1978 relative \u00e0 l\u2019informatique, aux fichiers et aux libert\u00e9s&#8230;.<a class=\"r_more_blog\" href=\"https:\/\/food.professionelleappentwicklung.de\/?page_id=3#more-3\"> continue reading<\/a><\/p>\n","protected":false},"author":1,"featured_media":0,"parent":0,"menu_order":0,"comment_status":"closed","ping_status":"closed","template":"","meta":{"om_disable_all_campaigns":false,"_monsterinsights_skip_tracking":false,"_monsterinsights_sitenote_active":false,"_monsterinsights_sitenote_note":"","_monsterinsights_sitenote_category":0,"footnotes":""},"_links":{"self":[{"href":"https:\/\/food.professionelleappentwicklung.de\/index.php?rest_route=\/wp\/v2\/pages\/3"}],"collection":[{"href":"https:\/\/food.professionelleappentwicklung.de\/index.php?rest_route=\/wp\/v2\/pages"}],"about":[{"href":"https:\/\/food.professionelleappentwicklung.de\/index.php?rest_route=\/wp\/v2\/types\/page"}],"author":[{"embeddable":true,"href":"https:\/\/food.professionelleappentwicklung.de\/index.php?rest_route=\/wp\/v2\/users\/1"}],"replies":[{"embeddable":true,"href":"https:\/\/food.professionelleappentwicklung.de\/index.php?rest_route=%2Fwp%2Fv2%2Fcomments&post=3"}],"version-history":[{"count":1,"href":"https:\/\/food.professionelleappentwicklung.de\/index.php?rest_route=\/wp\/v2\/pages\/3\/revisions"}],"predecessor-version":[{"id":18,"href":"https:\/\/food.professionelleappentwicklung.de\/index.php?rest_route=\/wp\/v2\/pages\/3\/revisions\/18"}],"wp:attachment":[{"href":"https:\/\/food.professionelleappentwicklung.de\/index.php?rest_route=%2Fwp%2Fv2%2Fmedia&parent=3"}],"curies":[{"name":"wp","href":"https:\/\/api.w.org\/{rel}","templated":true}]}}