{"id":17,"date":"2019-03-28T10:18:51","date_gmt":"2019-03-28T08:18:51","guid":{"rendered":"https:\/\/food.professionelleappentwicklung.de\/wp-content\/uploads\/2021\/03\/o039malovaldahon.WordPress.2021-03-06.xml_.txt"},"modified":"2021-03-06T21:13:55","modified_gmt":"2021-03-06T21:13:55","slug":"about","status":"publish","type":"page","link":"https:\/\/food.professionelleappentwicklung.de\/?page_id=17","title":{"rendered":"\u00c0 propos de nous"},"content":{"rendered":"<p>[vc_row full_width=&#8221;stretch_row&#8221; full_height=&#8221;yes&#8221; content_placement=&#8221;middle&#8221; general_row_align=&#8221;lafka-align-center&#8221; css=&#8221;.vc_custom_1555580799432{margin-bottom: 0px !important;padding-top: 80px !important;padding-bottom: 200px !important;background-color: #f8f8f8 !important;}&#8221;][vc_column width=&#8221;1\/6&#8243;][\/vc_column][vc_column width=&#8221;2\/3&#8243;][vc_column_text]<\/p>\n<h2 class=\"font_2\" style=\"text-align: center;\">\u00e0\u00a0propos<\/h2>\n<p>[\/vc_column_text][vc_column_text]<\/p>\n<p style=\"text-align: center;\">Le premier restaurant O&#8217;malo a \u00e9t\u00e9 cr\u00e9\u00e9 en 2008 \u00e0 G\u00e9rardmer par M. Mathieu ULUS.\u00a0Le succ\u00e8s ne s&#8217;est pas fait attendre, plusieurs points de vente ont \u00e9t\u00e9 ouvert\u00a0tr\u00e8s rapidement dans tout le Nord Est de la France. La r\u00e9ussite de ces premiers restaurants a donc incit\u00e9 M. ULUS et ses associ\u00e9s \u00e0 r\u00e9pandre l&#8217;enseigne <a href=\"https:\/\/webin.al\">O&#8217;malo dans la France enti\u00e8re<\/a>.\u00a0Aujourd&#8217;hui, c&#8217;est une quarantaine de restaurants O&#8217;malo que l&#8217;on retrouve en France !<\/p>\n<p>[\/vc_column_text][\/vc_column][vc_column width=&#8221;1\/6&#8243;][\/vc_column][\/vc_row][vc_row full_width=&#8221;stretch_row&#8221; allow_overflow=&#8221;yes&#8221; css=&#8221;.vc_custom_1560664672246{margin-bottom: 0px !important;padding-top: 80px !important;padding-bottom: 80px !important;background-color: #ffffff !important;}&#8221;][vc_column][vc_single_image image=&#8221;2871&#8243; img_size=&#8221;full&#8221; css=&#8221;.vc_custom_1560664683861{margin-top: -280px !important;margin-bottom: 80px !important;}&#8221;][\/vc_column][\/vc_row][vc_row full_width=&#8221;stretch_row&#8221; general_row_align=&#8221;lafka-align-center&#8221; css=&#8221;.vc_custom_1597078946872{margin-bottom: 0px !important;padding-top: 30px !important;padding-bottom: 80px !important;background-color: #ffffff !important;}&#8221;][vc_column width=&#8221;1\/6&#8243;][\/vc_column][vc_column width=&#8221;2\/3&#8243;][lafka_content_slider no_fill_content_area=&#8221;1&#8243; autoplay=&#8221;5&#8243; navigation=&#8221;&#8221; pagination=&#8221;yes&#8221;][vc_tta_section title=&#8221;Qualite&#8221; tab_id=&#8221;1555576498319-bf08037f-babd&#8221;][vc_icon type=&#8221;flaticon&#8221; color=&#8221;custom&#8221; size=&#8221;lg&#8221; align=&#8221;center&#8221; icon_flaticon=&#8221;flaticon-022-serving-dish&#8221; custom_color=&#8221;#ac8320&#8243; css=&#8221;.vc_custom_1555581014594{margin-bottom: 15px !important;}&#8221;][vc_column_text]<\/p>\n<h4 style=\"text-align: center;\">Un travail sur le go\u00fbt, des bons produits et des fournisseurs tri\u00e9s sur le volet.<\/h4>\n<p>[\/vc_column_text][\/vc_tta_section][vc_tta_section title=&#8221;Rigueur&#8221; tab_id=&#8221;1555576943335-65fd1b35-dce1&#8243;][vc_icon type=&#8221;flaticon&#8221; color=&#8221;custom&#8221; size=&#8221;lg&#8221; align=&#8221;center&#8221; icon_flaticon=&#8221;flaticon-047-menu&#8221; custom_color=&#8221;#ac8320&#8243; css=&#8221;.vc_custom_1597078876168{margin-bottom: 15px !important;}&#8221;][vc_column_text]<\/p>\n<h4 style=\"text-align: center;\">Une charte de qualit\u00e9 mise en place pour maintenir un niveau de qualit\u00e9 exigeant dans tous les restaurants.<\/h4>\n<p>[\/vc_column_text][\/vc_tta_section][vc_tta_section title=&#8221;Bienveillance&#8221; tab_id=&#8221;1555576942515-1eaaf066-ce01&#8243;][vc_icon type=&#8221;flaticon&#8221; color=&#8221;custom&#8221; size=&#8221;lg&#8221; align=&#8221;center&#8221; icon_flaticon=&#8221;flaticon-036-chips&#8221; custom_color=&#8221;#ac8320&#8243; css=&#8221;.vc_custom_1597078911398{margin-bottom: 15px !important;}&#8221;][vc_column_text]<\/p>\n<h4 style=\"text-align: center;\">Un concept architectural pens\u00e9 pour accueillir la client\u00e8le dans les meilleures conditions et leur faire profiter d\u2019une exp\u00e9rience agr\u00e9able, un espace de travail <a href=\"https:\/\/webin.al\">pens\u00e9 pour le bien<\/a> \u00eatre des salari\u00e9s ainsi que des emballages recyclables.<\/h4>\n<p>[\/vc_column_text][\/vc_tta_section][\/lafka_content_slider][\/vc_column][vc_column width=&#8221;1\/6&#8243;][\/vc_column][\/vc_row][vc_row][vc_column][vc_column_text]<br \/>\n[\/vc_column_text][\/vc_column][\/vc_row][vc_row full_width=&#8221;stretch_row&#8221; content_placement=&#8221;middle&#8221; css=&#8221;.vc_custom_1593798035240{margin-bottom: 0px !important;padding-top: 40px !important;padding-bottom: 40px !important;background-color: #efefef !important;background-position: center !important;background-repeat: no-repeat !important;background-size: contain !important;}&#8221;][vc_column width=&#8221;1\/2&#8243; css=&#8221;.vc_custom_1560841359049{padding-top: 10px !important;}&#8221;][vc_column_text css=&#8221;.vc_custom_1606315614954{margin-bottom: 0px !important;}&#8221;]<\/p>\n<h3>Vous aimez les <a href=\"https:\/\/webin.al\">burger<\/a>?<\/h3>\n<p>[\/vc_column_text][\/vc_column][vc_column width=&#8221;1\/2&#8243;]\t\t<div class=\"lafka-typed-shortcode\">\n\t\t<div class=\"lafka-typed-content lafka-typed-h4 lafka-typed-left\"  >\n\t\t\tContactez-nous maintenant,\t\t\t<span id=\"lafka_typed6a04daabe5ad3\" class=\"lafka-typed\"  ><\/span>\n\t\t\t\t\t<\/div>\n\n\t\t<\/div>\n\t\t\t\t\t<script>\n\t\t\t\t\/\/<![CDATA[\n\t\t\t\t(function ($) {\n\t\t\t\t\t\"use strict\";\n\t\t\t\t\t$(document).ready(function () {\n\t\t\t\t\t\t$(\"#lafka_typed6a04daabe5ad3\").typed({\n\t\t\t\t\t\t\tstrings: [\"Ne perdez plus de temps\",\" saisissez votre commande\",],\n\t\t\t\t\t\t\ttypeSpeed: 60,\n\t\t\t\t\t\t\t\/\/ time before typing starts\n\t\t\t\t\t\t\tstartDelay: 1000,\n\t\t\t\t\t\t\t\/\/ backspacing speed\n\t\t\t\t\t\t\tbackSpeed: 20,\n\t\t\t\t\t\t\t\/\/ delay before deleting last string\n\t\t\t\t\t\t\tbackDelay: 1800,\n\t\t\t\t\t\t\t\/\/ MUST BE OPTIONAL TRUE\/FALSE\n\t\t\t\t\t\t\tloop: true,\n\t\t\t\t\t\t\tshowCursor: true\n\t\t\t\t\t\t});\n\t\t\t\t\t})\n\t\t\t\t})(window.jQuery);\n\t\t\t\t\/\/]]>\n\t\t\t<\/script>\n\t\t\t\t[\/vc_column][\/vc_row]<\/p>\n","protected":false},"excerpt":{"rendered":"<p>[vc_row full_width=&#8221;stretch_row&#8221; full_height=&#8221;yes&#8221; content_placement=&#8221;middle&#8221; general_row_align=&#8221;lafka-align-center&#8221; css=&#8221;.vc_custom_1555580799432{margin-bottom: 0px !important;padding-top: 80px !important;padding-bottom: 200px !important;background-color: #f8f8f8 !important;}&#8221;][vc_column width=&#8221;1\/6&#8243;][\/vc_column][vc_column width=&#8221;2\/3&#8243;][vc_column_text] \u00e0\u00a0propos [\/vc_column_text][vc_column_text] Le premier restaurant O&#8217;malo a \u00e9t\u00e9 cr\u00e9\u00e9 en 2008 \u00e0 G\u00e9rardmer par M. Mathieu ULUS.\u00a0Le succ\u00e8s ne s&#8217;est pas fait attendre, plusieurs points de vente ont \u00e9t\u00e9 ouvert\u00a0tr\u00e8s rapidement dans tout le Nord Est de la France&#8230;.<a class=\"r_more_blog\" href=\"https:\/\/food.professionelleappentwicklung.de\/?page_id=17#more-17\"> continue reading<\/a><\/p>\n","protected":false},"author":1,"featured_media":0,"parent":0,"menu_order":0,"comment_status":"closed","ping_status":"closed","template":"","meta":{"om_disable_all_campaigns":false,"_monsterinsights_skip_tracking":false,"_monsterinsights_sitenote_active":false,"_monsterinsights_sitenote_note":"","_monsterinsights_sitenote_category":0,"footnotes":""},"_links":{"self":[{"href":"https:\/\/food.professionelleappentwicklung.de\/index.php?rest_route=\/wp\/v2\/pages\/17"}],"collection":[{"href":"https:\/\/food.professionelleappentwicklung.de\/index.php?rest_route=\/wp\/v2\/pages"}],"about":[{"href":"https:\/\/food.professionelleappentwicklung.de\/index.php?rest_route=\/wp\/v2\/types\/page"}],"author":[{"embeddable":true,"href":"https:\/\/food.professionelleappentwicklung.de\/index.php?rest_route=\/wp\/v2\/users\/1"}],"replies":[{"embeddable":true,"href":"https:\/\/food.professionelleappentwicklung.de\/index.php?rest_route=%2Fwp%2Fv2%2Fcomments&post=17"}],"version-history":[{"count":0,"href":"https:\/\/food.professionelleappentwicklung.de\/index.php?rest_route=\/wp\/v2\/pages\/17\/revisions"}],"wp:attachment":[{"href":"https:\/\/food.professionelleappentwicklung.de\/index.php?rest_route=%2Fwp%2Fv2%2Fmedia&parent=17"}],"curies":[{"name":"wp","href":"https:\/\/api.w.org\/{rel}","templated":true}]}}